{"id":7789,"date":"2020-06-22T16:13:50","date_gmt":"2020-06-22T14:13:50","guid":{"rendered":"https:\/\/www.foselev.com\/?page_id=7789"},"modified":"2025-12-04T14:13:08","modified_gmt":"2025-12-04T13:13:08","slug":"legal-notice","status":"publish","type":"page","link":"https:\/\/www.foselev.com\/en\/legal-notice\/","title":{"rendered":"Legal Notice www.foselev.com"},"content":{"rendered":"\t\t<div data-elementor-type=\"wp-page\" data-elementor-id=\"7789\" class=\"elementor elementor-7789 elementor-4604\" data-elementor-post-type=\"page\">\n\t\t\t\t\t\t<section class=\"elementor-section elementor-top-section elementor-element elementor-element-fcb7928 elementor-section-boxed elementor-section-height-default elementor-section-height-default\" data-id=\"fcb7928\" data-element_type=\"section\" data-e-type=\"section\">\n\t\t\t\t\t\t<div class=\"elementor-container elementor-column-gap-default\">\n\t\t\t\t\t<div class=\"elementor-column elementor-col-100 elementor-top-column elementor-element elementor-element-63ae491\" data-id=\"63ae491\" data-element_type=\"column\" data-e-type=\"column\">\n\t\t\t<div class=\"elementor-widget-wrap elementor-element-populated\">\n\t\t\t\t\t\t<div class=\"elementor-element elementor-element-047a429 elementor-widget elementor-widget-heading\" data-id=\"047a429\" data-element_type=\"widget\" data-e-type=\"widget\" data-widget_type=\"heading.default\">\n\t\t\t\t<div class=\"elementor-widget-container\">\n\t\t\t\t\t<h1 class=\"elementor-heading-title elementor-size-default\">Legal Notice <\/h1>\t\t\t\t<\/div>\n\t\t\t\t<\/div>\n\t\t\t\t<div class=\"elementor-element elementor-element-431a515 elementor-widget elementor-widget-heading\" data-id=\"431a515\" data-element_type=\"widget\" data-e-type=\"widget\" data-widget_type=\"heading.default\">\n\t\t\t\t<div class=\"elementor-widget-container\">\n\t\t\t\t\t<h2 class=\"elementor-heading-title elementor-size-default\">\nwww.foselev.com<\/h2>\t\t\t\t<\/div>\n\t\t\t\t<\/div>\n\t\t\t\t\t<\/div>\n\t\t<\/div>\n\t\t\t\t\t<\/div>\n\t\t<\/section>\n\t\t\t\t<section class=\"elementor-section elementor-top-section elementor-element elementor-element-20625f4 elementor-section-boxed elementor-section-height-default elementor-section-height-default\" data-id=\"20625f4\" data-element_type=\"section\" data-e-type=\"section\">\n\t\t\t\t\t\t<div class=\"elementor-container elementor-column-gap-default\">\n\t\t\t\t\t<div class=\"elementor-column elementor-col-100 elementor-top-column elementor-element elementor-element-99f82eb\" data-id=\"99f82eb\" data-element_type=\"column\" data-e-type=\"column\">\n\t\t\t<div class=\"elementor-widget-wrap elementor-element-populated\">\n\t\t\t\t\t\t<div class=\"elementor-element elementor-element-1e54694 elementor-widget elementor-widget-text-editor\" data-id=\"1e54694\" data-element_type=\"widget\" data-e-type=\"widget\" data-widget_type=\"text-editor.default\">\n\t\t\t\t<div class=\"elementor-widget-container\">\n\t\t\t\t\t\t\t\t\t<p>En utilisant ce site, vous reconnaissez avoir pris connaissance des dispositions ci-dessous et vous vous engagez \u00e0 les respecter.<\/p><p>Ces mentions l\u00e9gales pouvant \u00eatre amen\u00e9es \u00e0 changer, nous vous invitons par cons\u00e9quent \u00e0 les consulter r\u00e9guli\u00e8rement.<\/p><p>Vous reconnaissez disposer de la comp\u00e9tence et des moyens n\u00e9cessaires pour acc\u00e9der et utiliser ce site et reconnaissez avoir v\u00e9rifi\u00e9 que la configuration informatique utilis\u00e9e ne contient aucun virus et qu&#8217;elle est en parfait \u00e9tat de fonctionnement.<\/p>\t\t\t\t\t\t\t\t<\/div>\n\t\t\t\t<\/div>\n\t\t\t\t<div class=\"elementor-element elementor-element-919b4d3 elementor-widget elementor-widget-text-editor\" data-id=\"919b4d3\" data-element_type=\"widget\" data-e-type=\"widget\" data-widget_type=\"text-editor.default\">\n\t\t\t\t<div class=\"elementor-widget-container\">\n\t\t\t\t\t\t\t\t\t<p>Le site a pour principal objectif d&#8217;informer sur les activit\u00e9s de FOSELEV et ses filiales.<\/p><p>Conform\u00e9ment aux dispositions de l&#8217;article 6 III-1 de la loi n\u00b0 2004-575 du 21 juin 2004 pour la confiance dans l&#8217;\u00e9conomie num\u00e9rique, nous vous informons qu\u2019il est \u00e9dit\u00e9 par FOS SERVICES LEVAGE (FOSELEV SAS), Soci\u00e9t\u00e9 par Actions Simplifi\u00e9e au capital de 1 992 900 euros, immatricul\u00e9e au RCS d\u2019Aix-en-Provence sous le num\u00e9ro B 637 070 632, dont le si\u00e8ge social est au B\u00e2timent 37-39 Immeuble Carmin &#8211; Parc du Golf &#8211; 350, rue Jean-Ren\u00e9 Guillibert Gauthier de la Lauzi\u00e8re &#8211; 13290 Aix-en-Provence &#8211; France et dont le num\u00e9ro de t\u00e9l\u00e9phone est le 04 42 24 57 57.<\/p><p><strong>Le directeur de publication<\/strong> est Bruno CAGNOL<br \/>Adresse \u00e9lectronique :\u00a0<a href=\"mailto:communication@foselev.fr\">communication@foselev.fr<\/a><\/p><p><strong>Webmaster<\/strong> : Service Communication FOSELEV \u2013 communication@foselev.fr &#8211; B\u00e2timent 37-39 Immeuble Carmin &#8211; Parc du Golf &#8211; 350, rue Jean-Ren\u00e9 Guillibert Gauthier de la Lauzi\u00e8re &#8211; 13290 Aix-en-Provence &#8211; France.<br \/><strong>H\u00e9bergeur<\/strong>\u00a0: BRAINSYS \u2013 92 rue de l\u2019Aiguillette 13012 MARSEILLE 0660887452.<\/p>\t\t\t\t\t\t\t\t<\/div>\n\t\t\t\t<\/div>\n\t\t\t\t<div class=\"elementor-element elementor-element-d719662 elementor-widget elementor-widget-text-editor\" data-id=\"d719662\" data-element_type=\"widget\" data-e-type=\"widget\" data-widget_type=\"text-editor.default\">\n\t\t\t\t<div class=\"elementor-widget-container\">\n\t\t\t\t\t\t\t\t\t<h2>Droits prot\u00e9g\u00e9s<\/h2><p>Les \u00e9l\u00e9ments constituant le pr\u00e9sent Site, d\u00e9velopp\u00e9s par FOSELEV SAS ou FOS SERVICE<span style=\"text-decoration: line-through;\">S <\/span>LEVAGE et ses filiales ou pour leur compte (ci-apr\u00e8s \u00ab le Contenu \u00bb), sont prot\u00e9g\u00e9s par la l\u00e9gislation applicable en mati\u00e8re de droit d&#8217;auteur, de droit des marques, de droit des dessins et mod\u00e8les et de concurrence d\u00e9loyale.<br \/><br \/>Le\u00a0 Contenu comprend, notamment, l&#8217;architecture, la charte graphique (incluant les couleurs, les polices de caract\u00e8re et l&#8217;organisation graphique des \u00e9crans), ainsi que l&#8217;ensemble des informations et \u00e9l\u00e9ments, inclus disponibles ou accessibles sur et\/ou \u00e0 travers le site Internet, tels que notamment les textes, articles, photographies, illustrations, images, marques et logos (tel(le)s que notamment FOSELEV et ses filiales, donn\u00e9es, bases de donn\u00e9es et tous \u00e9l\u00e9ments sonores (tels que voix, musiques ou bruitages) et visuels fixes ou anim\u00e9s (tels que animations graphiques ou s\u00e9quences audiovisuelles), les d\u00e9veloppements logiciels sp\u00e9cifiques, les programmes t\u00e9l\u00e9chargeables.<\/p><p>Le \u00a0Contenu est la propri\u00e9t\u00e9 exclusive de FOSELEV et de ses filiales, de ses prestataires techniques ou de tout autre tiers ayant autoris\u00e9 FOSELEV ou ses filiales \u00e0 l\u2019utiliser.<\/p><p><br \/>Toute reproduction, repr\u00e9sentation, diffusion et\/ou exploitation de tout ou partie du Contenu, par quelque moyen, sous quelque forme et \u00e0 quelque fin que ce soit, est interdite, sauf autorisation expresse pr\u00e9alable et \u00e9crite de FOSELEV SAS ou des tiers concern\u00e9s, et hors utilisations \u00e0 des fins priv\u00e9es, et ce, conform\u00e9ment au Code de la propri\u00e9t\u00e9 intellectuelle En tout \u00e9tat de cause, et sous r\u00e9serve de ce qui pr\u00e9c\u00e8de, en cas de reproduction, repr\u00e9sentation, diffusion et\/ou exploitation de tout ou partie du Contenu, devront \u00eatre clairement indiqu\u00e9s la source (le pr\u00e9sent Site et FOSELEV et\/ou ses filiales), ainsi que, le cas \u00e9ch\u00e9ant, le nom de l&#8217;auteur.<\/p><p>Toute personne ne respectant pas les dispositions l\u00e9gales applicables se rend coupable du d\u00e9lit de contrefa\u00e7on et est passible des sanctions p\u00e9nales pr\u00e9vues par la loi, nonobstant tout autre recours de FOSELEV Environnement et de ses filiales.<\/p>\t\t\t\t\t\t\t\t<\/div>\n\t\t\t\t<\/div>\n\t\t\t\t<div class=\"elementor-element elementor-element-42a4afb elementor-widget elementor-widget-text-editor\" data-id=\"42a4afb\" data-element_type=\"widget\" data-e-type=\"widget\" data-widget_type=\"text-editor.default\">\n\t\t\t\t<div class=\"elementor-widget-container\">\n\t\t\t\t\t\t\t\t\t<h2>Responsabilit\u00e9<\/h2><p>FOSELEV et ses filiales excluent toute garantie quelle qu&#8217;elle soit quant au contenu, et notamment toute garantie de qualit\u00e9, d&#8217;ad\u00e9quation \u00e0 un usage particulier, de propri\u00e9t\u00e9 et d&#8217;absence de contrefa\u00e7on. En outre, FOSELEV et ses filiales excluent toute responsabilit\u00e9 quelle qu&#8217;elle soit, s&#8217;agissant des dommages directs ou indirects, accessoires ou incidents, pertes de donn\u00e9es ou de profit, r\u00e9sultant de, ou li\u00e9s \u00e0 l&#8217;utilisation ou au fonctionnement du pr\u00e9sent Site et du contenu.<\/p><p>FOSELEV fera de son mieux pour assurer aux visiteurs une accessibilit\u00e9 de son site internet \u00e0 tout moment. En revanche, FOSELEV ne saurait \u00eatre tenue responsable en cas d\u2019indisponibilit\u00e9 du site pour quelque cause que ce soit.<\/p><p>Par ailleurs, le site est susceptible de contenir des inexactitudes ou des erreurs typographiques.<\/p><p>Des changements et mises \u00e0 jour sont r\u00e9guli\u00e8rement effectu\u00e9s sur le pr\u00e9sent site. A cet \u00e9gard, FOSELEV et ses filiales se r\u00e9servent le droit d&#8217;apporter toute modification, rectification ou changement, \u00e0 tout moment.<\/p><p>Les liens hypertextes figurant sur le pr\u00e9sent \u00a0site vous font quitter le site internet de FOSELEV. Ces liens hypertextes sont fournis pour votre seule commodit\u00e9, et n&#8217;impliquent aucune approbation ou visa de FOSELEV et ses filiales des sites internet tiers auxquels ils renvoient. \u00a0Ces sites internet tiers ne sont pas sous le contr\u00f4le de FOSELEV et ses filiales, et ces derni\u00e8res ne sont nullement responsables notamment des conditions d\u2019acc\u00e8s,\u00a0du contenu de ces sites, des liens qu&#8217;ils contiennent, des produits ou services qu&#8217;ils proposent, ou des changements ou mises \u00e0 jour qui leur sont apport\u00e9s, ni des donn\u00e9es stock\u00e9es et\/ou utilis\u00e9es sur les serveurs de ces sites tiers.<\/p><p><br \/>Les marques, noms de produits ou services, noms de domaine et les d\u00e9nominations de soci\u00e9t\u00e9s mentionn\u00e9s sur le pr\u00e9sent Site restent la propri\u00e9t\u00e9 de leurs titulaires respectifs.<br \/><br \/>La mention de liens ou des marques, noms, services, noms de domaine et d\u00e9nomination d&#8217;autres soci\u00e9t\u00e9s que FOSELEV et ses filiales n&#8217;implique aucunement l&#8217;existence d&#8217;une association quelconque entre FOSELEV et ses filiales et ces soci\u00e9t\u00e9s, produits ou services, marques, noms ou d\u00e9nominations en cause.<\/p>\t\t\t\t\t\t\t\t<\/div>\n\t\t\t\t<\/div>\n\t\t\t\t\t<\/div>\n\t\t<\/div>\n\t\t\t\t\t<\/div>\n\t\t<\/section>\n\t\t\t\t<\/div>\n\t\t","protected":false},"excerpt":{"rendered":"<p>Legal Notice www.foselev.com En utilisant ce site, vous reconnaissez avoir pris connaissance des dispositions ci-dessous et vous vous engagez \u00e0 les respecter. Ces mentions l\u00e9gales pouvant \u00eatre amen\u00e9es \u00e0 changer, nous vous invitons par cons\u00e9quent \u00e0 les consulter r\u00e9guli\u00e8rement. Vous reconnaissez disposer de la comp\u00e9tence et des moyens n\u00e9cessaires pour acc\u00e9der et utiliser ce site [&hellip;]<\/p>\n","protected":false},"author":1,"featured_media":0,"parent":0,"menu_order":0,"comment_status":"closed","ping_status":"closed","template":"","meta":{"_acf_changed":false,"inline_featured_image":false,"site-sidebar-layout":"no-sidebar","site-content-layout":"page-builder","ast-site-content-layout":"default","site-content-style":"default","site-sidebar-style":"default","ast-global-header-display":"","ast-banner-title-visibility":"","ast-main-header-display":"","ast-hfb-above-header-display":"","ast-hfb-below-header-display":"","ast-hfb-mobile-header-display":"","site-post-title":"disabled","ast-breadcrumbs-content":"","ast-featured-img":"disabled","footer-sml-layout":"","ast-disable-related-posts":"","theme-transparent-header-meta":"default","adv-header-id-meta":"","stick-header-meta":"","header-above-stick-meta":"","header-main-stick-meta":"","header-below-stick-meta":"","astra-migrate-meta-layouts":"default","ast-page-background-enabled":"default","ast-page-background-meta":{"desktop":{"background-color":"","background-image":"","background-repeat":"repeat","background-position":"center center","background-size":"auto","background-attachment":"scroll","background-type":"","background-media":"","overlay-type":"","overlay-color":"","overlay-opacity":"","overlay-gradient":""},"tablet":{"background-color":"","background-image":"","background-repeat":"repeat","background-position":"center center","background-size":"auto","background-attachment":"scroll","background-type":"","background-media":"","overlay-type":"","overlay-color":"","overlay-opacity":"","overlay-gradient":""},"mobile":{"background-color":"","background-image":"","background-repeat":"repeat","background-position":"center center","background-size":"auto","background-attachment":"scroll","background-type":"","background-media":"","overlay-type":"","overlay-color":"","overlay-opacity":"","overlay-gradient":""}},"ast-content-background-meta":{"desktop":{"background-color":"var(--ast-global-color-5)","background-image":"","background-repeat":"repeat","background-position":"center center","background-size":"auto","background-attachment":"scroll","background-type":"","background-media":"","overlay-type":"","overlay-color":"","overlay-opacity":"","overlay-gradient":""},"tablet":{"background-color":"var(--ast-global-color-5)","background-image":"","background-repeat":"repeat","background-position":"center center","background-size":"auto","background-attachment":"scroll","background-type":"","background-media":"","overlay-type":"","overlay-color":"","overlay-opacity":"","overlay-gradient":""},"mobile":{"background-color":"var(--ast-global-color-5)","background-image":"","background-repeat":"repeat","background-position":"center center","background-size":"auto","background-attachment":"scroll","background-type":"","background-media":"","overlay-type":"","overlay-color":"","overlay-opacity":"","overlay-gradient":""}},"footnotes":""},"class_list":["post-7789","page","type-page","status-publish","hentry"],"acf":[],"yoast_head":"<!-- This site is optimized with the Yoast SEO plugin v26.8 - https:\/\/yoast.com\/product\/yoast-seo-wordpress\/ -->\n<title>Legal Notice www.foselev.com<\/title>\n<meta name=\"robots\" content=\"index, follow, max-snippet:-1, max-image-preview:large, max-video-preview:-1\" \/>\n<link rel=\"canonical\" href=\"https:\/\/www.foselev.com\/en\/legal-notice\/\" \/>\n<meta property=\"og:locale\" content=\"en_US\" \/>\n<meta property=\"og:type\" content=\"article\" \/>\n<meta property=\"og:title\" content=\"Legal Notice www.foselev.com\" \/>\n<meta property=\"og:description\" content=\"Legal Notice www.foselev.com En utilisant ce site, vous reconnaissez avoir pris connaissance des dispositions ci-dessous et vous vous engagez \u00e0 les respecter. Ces mentions l\u00e9gales pouvant \u00eatre amen\u00e9es \u00e0 changer, nous vous invitons par cons\u00e9quent \u00e0 les consulter r\u00e9guli\u00e8rement. Vous reconnaissez disposer de la comp\u00e9tence et des moyens n\u00e9cessaires pour acc\u00e9der et utiliser ce site [&hellip;]\" \/>\n<meta property=\"og:url\" content=\"https:\/\/www.foselev.com\/en\/legal-notice\/\" \/>\n<meta property=\"og:site_name\" content=\"FOSELEV\" \/>\n<meta property=\"article:modified_time\" content=\"2025-12-04T13:13:08+00:00\" \/>\n<meta name=\"twitter:card\" content=\"summary_large_image\" \/>\n<meta name=\"twitter:label1\" content=\"Est. reading time\" \/>\n\t<meta name=\"twitter:data1\" content=\"4 minutes\" \/>\n<script type=\"application\/ld+json\" class=\"yoast-schema-graph\">{\"@context\":\"https:\/\/schema.org\",\"@graph\":[{\"@type\":\"WebPage\",\"@id\":\"https:\/\/www.foselev.com\/en\/legal-notice\/\",\"url\":\"https:\/\/www.foselev.com\/en\/legal-notice\/\",\"name\":\"Legal Notice www.foselev.com\",\"isPartOf\":{\"@id\":\"https:\/\/www.foselev.com\/en\/#website\"},\"datePublished\":\"2020-06-22T14:13:50+00:00\",\"dateModified\":\"2025-12-04T13:13:08+00:00\",\"breadcrumb\":{\"@id\":\"https:\/\/www.foselev.com\/en\/legal-notice\/#breadcrumb\"},\"inLanguage\":\"en-US\",\"potentialAction\":[{\"@type\":\"ReadAction\",\"target\":[\"https:\/\/www.foselev.com\/en\/legal-notice\/\"]}]},{\"@type\":\"BreadcrumbList\",\"@id\":\"https:\/\/www.foselev.com\/en\/legal-notice\/#breadcrumb\",\"itemListElement\":[{\"@type\":\"ListItem\",\"position\":1,\"name\":\"Home\",\"item\":\"https:\/\/www.foselev.com\/en\/\"},{\"@type\":\"ListItem\",\"position\":2,\"name\":\"Legal Notice www.foselev.com\"}]},{\"@type\":\"WebSite\",\"@id\":\"https:\/\/www.foselev.com\/en\/#website\",\"url\":\"https:\/\/www.foselev.com\/en\/\",\"name\":\"FOSELEV\",\"description\":\"Offre globale de services \u00e0 l&#039;industrie, au BTP et au nucl\u00e9aire.\",\"publisher\":{\"@id\":\"https:\/\/www.foselev.com\/en\/#organization\"},\"potentialAction\":[{\"@type\":\"SearchAction\",\"target\":{\"@type\":\"EntryPoint\",\"urlTemplate\":\"https:\/\/www.foselev.com\/en\/?s={search_term_string}\"},\"query-input\":{\"@type\":\"PropertyValueSpecification\",\"valueRequired\":true,\"valueName\":\"search_term_string\"}}],\"inLanguage\":\"en-US\"},{\"@type\":\"Organization\",\"@id\":\"https:\/\/www.foselev.com\/en\/#organization\",\"name\":\"FOSELEV\",\"url\":\"https:\/\/www.foselev.com\/en\/\",\"logo\":{\"@type\":\"ImageObject\",\"inLanguage\":\"en-US\",\"@id\":\"https:\/\/www.foselev.com\/en\/#\/schema\/logo\/image\/\",\"url\":\"https:\/\/www.foselev.com\/wp-content\/uploads\/2020\/03\/FOSELEV_Logo_Pyramide_Grise-Orange.svg\",\"contentUrl\":\"https:\/\/www.foselev.com\/wp-content\/uploads\/2020\/03\/FOSELEV_Logo_Pyramide_Grise-Orange.svg\",\"width\":\"1024\",\"height\":\"1024\",\"caption\":\"FOSELEV\"},\"image\":{\"@id\":\"https:\/\/www.foselev.com\/en\/#\/schema\/logo\/image\/\"}}]}<\/script>\n<!-- \/ Yoast SEO plugin. -->","yoast_head_json":{"title":"Legal Notice www.foselev.com","robots":{"index":"index","follow":"follow","max-snippet":"max-snippet:-1","max-image-preview":"max-image-preview:large","max-video-preview":"max-video-preview:-1"},"canonical":"https:\/\/www.foselev.com\/en\/legal-notice\/","og_locale":"en_US","og_type":"article","og_title":"Legal Notice www.foselev.com","og_description":"Legal Notice www.foselev.com En utilisant ce site, vous reconnaissez avoir pris connaissance des dispositions ci-dessous et vous vous engagez \u00e0 les respecter. Ces mentions l\u00e9gales pouvant \u00eatre amen\u00e9es \u00e0 changer, nous vous invitons par cons\u00e9quent \u00e0 les consulter r\u00e9guli\u00e8rement. Vous reconnaissez disposer de la comp\u00e9tence et des moyens n\u00e9cessaires pour acc\u00e9der et utiliser ce site [&hellip;]","og_url":"https:\/\/www.foselev.com\/en\/legal-notice\/","og_site_name":"FOSELEV","article_modified_time":"2025-12-04T13:13:08+00:00","twitter_card":"summary_large_image","twitter_misc":{"Est. reading time":"4 minutes"},"schema":{"@context":"https:\/\/schema.org","@graph":[{"@type":"WebPage","@id":"https:\/\/www.foselev.com\/en\/legal-notice\/","url":"https:\/\/www.foselev.com\/en\/legal-notice\/","name":"Legal Notice www.foselev.com","isPartOf":{"@id":"https:\/\/www.foselev.com\/en\/#website"},"datePublished":"2020-06-22T14:13:50+00:00","dateModified":"2025-12-04T13:13:08+00:00","breadcrumb":{"@id":"https:\/\/www.foselev.com\/en\/legal-notice\/#breadcrumb"},"inLanguage":"en-US","potentialAction":[{"@type":"ReadAction","target":["https:\/\/www.foselev.com\/en\/legal-notice\/"]}]},{"@type":"BreadcrumbList","@id":"https:\/\/www.foselev.com\/en\/legal-notice\/#breadcrumb","itemListElement":[{"@type":"ListItem","position":1,"name":"Home","item":"https:\/\/www.foselev.com\/en\/"},{"@type":"ListItem","position":2,"name":"Legal Notice www.foselev.com"}]},{"@type":"WebSite","@id":"https:\/\/www.foselev.com\/en\/#website","url":"https:\/\/www.foselev.com\/en\/","name":"FOSELEV","description":"Offre globale de services \u00e0 l&#039;industrie, au BTP et au nucl\u00e9aire.","publisher":{"@id":"https:\/\/www.foselev.com\/en\/#organization"},"potentialAction":[{"@type":"SearchAction","target":{"@type":"EntryPoint","urlTemplate":"https:\/\/www.foselev.com\/en\/?s={search_term_string}"},"query-input":{"@type":"PropertyValueSpecification","valueRequired":true,"valueName":"search_term_string"}}],"inLanguage":"en-US"},{"@type":"Organization","@id":"https:\/\/www.foselev.com\/en\/#organization","name":"FOSELEV","url":"https:\/\/www.foselev.com\/en\/","logo":{"@type":"ImageObject","inLanguage":"en-US","@id":"https:\/\/www.foselev.com\/en\/#\/schema\/logo\/image\/","url":"https:\/\/www.foselev.com\/wp-content\/uploads\/2020\/03\/FOSELEV_Logo_Pyramide_Grise-Orange.svg","contentUrl":"https:\/\/www.foselev.com\/wp-content\/uploads\/2020\/03\/FOSELEV_Logo_Pyramide_Grise-Orange.svg","width":"1024","height":"1024","caption":"FOSELEV"},"image":{"@id":"https:\/\/www.foselev.com\/en\/#\/schema\/logo\/image\/"}}]}},"_links":{"self":[{"href":"https:\/\/www.foselev.com\/en\/wp-json\/wp\/v2\/pages\/7789","targetHints":{"allow":["GET"]}}],"collection":[{"href":"https:\/\/www.foselev.com\/en\/wp-json\/wp\/v2\/pages"}],"about":[{"href":"https:\/\/www.foselev.com\/en\/wp-json\/wp\/v2\/types\/page"}],"author":[{"embeddable":true,"href":"https:\/\/www.foselev.com\/en\/wp-json\/wp\/v2\/users\/1"}],"replies":[{"embeddable":true,"href":"https:\/\/www.foselev.com\/en\/wp-json\/wp\/v2\/comments?post=7789"}],"version-history":[{"count":3,"href":"https:\/\/www.foselev.com\/en\/wp-json\/wp\/v2\/pages\/7789\/revisions"}],"predecessor-version":[{"id":49809,"href":"https:\/\/www.foselev.com\/en\/wp-json\/wp\/v2\/pages\/7789\/revisions\/49809"}],"wp:attachment":[{"href":"https:\/\/www.foselev.com\/en\/wp-json\/wp\/v2\/media?parent=7789"}],"curies":[{"name":"wp","href":"https:\/\/api.w.org\/{rel}","templated":true}]}}